{"id":33501,"date":"2024-02-29T09:04:21","date_gmt":"2024-02-29T09:04:21","guid":{"rendered":"https:\/\/www.veyselkutuklu.com\/yedek-parca\/"},"modified":"2025-02-22T10:46:26","modified_gmt":"2025-02-22T10:46:26","slug":"piezas-de-repuesto","status":"publish","type":"page","link":"https:\/\/www.veyselkutuklu.com\/es\/piezas-de-repuesto\/","title":{"rendered":"Piezas de Repuesto"},"content":{"rendered":"\t\t<div data-elementor-type=\"wp-page\" data-elementor-id=\"33501\" class=\"elementor elementor-33501 elementor-31737\">\n\t\t\t\t\n\t\t<div class=\"default no-position show_shadow rs-sticky-default elementor-element elementor-element-bb4fa0c e-flex e-con-boxed e-con e-parent\" data-id=\"bb4fa0c\" data-element_type=\"container\">\n\t\t\t\t\t<div class=\"e-con-inner\">\n\t\t\n\t\t<div class=\"default no-position show_shadow rs-sticky-default elementor-element elementor-element-218f7e2 e-con-full e-flex e-con e-child\" data-id=\"218f7e2\" data-element_type=\"container\">\n\t\t\n\t\t<div class=\"default no-position show_shadow rs-sticky-default elementor-element elementor-element-bf68a9e e-con-full e-flex e-con e-child\" data-id=\"bf68a9e\" data-element_type=\"container\">\n\t\t\n\t\t\t\t<div class=\"elementor-element elementor-element-52ef9ad elementor-widget elementor-widget-image\" data-id=\"52ef9ad\" data-element_type=\"widget\" data-widget_type=\"image.default\">\n\t\t\t\t<div class=\"elementor-widget-container\">\n\t\t\t\t\t\t\t\t\t\t\t\t\t\t\t<img fetchpriority=\"high\" decoding=\"async\" width=\"1920\" height=\"1080\" src=\"https:\/\/www.veyselkutuklu.com\/wp-content\/uploads\/2024\/09\/yedek_arca_veysel_kutuklu-1.jpg\" class=\"attachment-full size-full wp-image-32592\" alt=\"\" srcset=\"https:\/\/www.veyselkutuklu.com\/wp-content\/uploads\/2024\/09\/yedek_arca_veysel_kutuklu-1.jpg 1920w, https:\/\/www.veyselkutuklu.com\/wp-content\/uploads\/2024\/09\/yedek_arca_veysel_kutuklu-1-300x169.jpg 300w, https:\/\/www.veyselkutuklu.com\/wp-content\/uploads\/2024\/09\/yedek_arca_veysel_kutuklu-1-1024x576.jpg 1024w, https:\/\/www.veyselkutuklu.com\/wp-content\/uploads\/2024\/09\/yedek_arca_veysel_kutuklu-1-768x432.jpg 768w, https:\/\/www.veyselkutuklu.com\/wp-content\/uploads\/2024\/09\/yedek_arca_veysel_kutuklu-1-1536x864.jpg 1536w, https:\/\/www.veyselkutuklu.com\/wp-content\/uploads\/2024\/09\/yedek_arca_veysel_kutuklu-1-352x199.jpg 352w\" sizes=\"(max-width: 1920px) 100vw, 1920px\" \/>\t\t\t\t\t\t\t\t\t\t\t\t\t\t\t<\/div>\n\t\t\t\t<\/div>\n\t\t\n\t\t\t\t<div class=\"elementor-element elementor-element-bcff3f2 elementor-widget elementor-widget-heading\" data-id=\"bcff3f2\" data-element_type=\"widget\" data-widget_type=\"heading.default\">\n\t\t\t\t<div class=\"elementor-widget-container\">\n\t\t\t\t\t<h3 class=\"elementor-heading-title elementor-size-default\">Servicios de Piezas de Repuesto<\/h3>\t\t\t\t<\/div>\n\t\t\t\t<\/div>\n\t\t\n\t\t\t\t<div class=\"elementor-element elementor-element-66b3b2b elementor-widget elementor-widget-text-editor\" data-id=\"66b3b2b\" data-element_type=\"widget\" data-widget_type=\"text-editor.default\">\n\t\t\t\t<div class=\"elementor-widget-container\">\n\t\t\t\t\t\t\t\t\t<p>Ofrecemos servicios de piezas de repuesto originales para garantizar el funcionamiento sin problemas de sus m\u00e1quinas.<\/p><p><strong>\u00a0<\/strong><\/p>\t\t\t\t\t\t\t\t<\/div>\n\t\t\t\t<\/div>\n\t\t\n\t\t\t\t<div class=\"elementor-element elementor-element-3648d13 elementor-widget elementor-widget-text-editor\" data-id=\"3648d13\" data-element_type=\"widget\" data-widget_type=\"text-editor.default\">\n\t\t\t\t<div class=\"elementor-widget-container\">\n\t\t\t\t\t\t\t\t\t<p>Para minimizar las interrupciones de producci\u00f3n y aumentar la eficiencia de sus m\u00e1quinas, mantenemos en stock las piezas m\u00e1s solicitadas. Estamos a su disposici\u00f3n con entrega r\u00e1pida y servicio confiable para sus solicitudes de piezas de repuesto.<\/p>\t\t\t\t\t\t\t\t<\/div>\n\t\t\t\t<\/div>\n\t\t\n\t\t<div class=\"default no-position show_shadow rs-sticky-default elementor-element elementor-element-dcf3111 e-flex e-con-boxed e-con e-child\" data-id=\"dcf3111\" data-element_type=\"container\">\n\t\t\t\t\t<div class=\"e-con-inner\">\n\t\t\n\t\t<div class=\"default no-position show_shadow rs-sticky-default elementor-element elementor-element-24cb7f2 e-con-full e-flex e-con e-child\" data-id=\"24cb7f2\" data-element_type=\"container\">\n\t\t\n\t\t\t\t<div class=\"elementor-element elementor-element-d5e0772 elementor-icon-list--layout-traditional elementor-list-item-link-full_width elementor-widget elementor-widget-icon-list\" data-id=\"d5e0772\" data-element_type=\"widget\" data-widget_type=\"icon-list.default\">\n\t\t\t\t<div class=\"elementor-widget-container\">\n\t\t\t\t\t\t\t<ul class=\"elementor-icon-list-items\">\n\t\t\t\t\t\t\t<li class=\"elementor-icon-list-item\">\n\t\t\t\t\t\t\t\t\t\t\t<span class=\"elementor-icon-list-icon\">\n\t\t\t\t\t\t\t<svg xmlns=\"http:\/\/www.w3.org\/2000\/svg\" viewBox=\"0 0 24 24\" fill=\"currentColor\"><path d=\"M12 22C6.47715 22 2 17.5228 2 12C2 6.47715 6.47715 2 12 2C17.5228 2 22 6.47715 22 12C22 17.5228 17.5228 22 12 22ZM12 20C16.4183 20 20 16.4183 20 12C20 7.58172 16.4183 4 12 4C7.58172 4 4 7.58172 4 12C4 16.4183 7.58172 20 12 20ZM11.0026 16L6.75999 11.7574L8.17421 10.3431L11.0026 13.1716L16.6595 7.51472L18.0737 8.92893L11.0026 16Z\"><\/path><\/svg>\t\t\t\t\t\t<\/span>\n\t\t\t\t\t\t\t\t\t\t<span class=\"elementor-icon-list-text\">Piezas Originales<\/span>\n\t\t\t\t\t\t\t\t\t<\/li>\n\t\t\t\t\t\t\t\t<li class=\"elementor-icon-list-item\">\n\t\t\t\t\t\t\t\t\t\t\t<span class=\"elementor-icon-list-icon\">\n\t\t\t\t\t\t\t<svg xmlns=\"http:\/\/www.w3.org\/2000\/svg\" viewBox=\"0 0 24 24\" fill=\"currentColor\"><path d=\"M12 22C6.47715 22 2 17.5228 2 12C2 6.47715 6.47715 2 12 2C17.5228 2 22 6.47715 22 12C22 17.5228 17.5228 22 12 22ZM12 20C16.4183 20 20 16.4183 20 12C20 7.58172 16.4183 4 12 4C7.58172 4 4 7.58172 4 12C4 16.4183 7.58172 20 12 20ZM11.0026 16L6.75999 11.7574L8.17421 10.3431L11.0026 13.1716L16.6595 7.51472L18.0737 8.92893L11.0026 16Z\"><\/path><\/svg>\t\t\t\t\t\t<\/span>\n\t\t\t\t\t\t\t\t\t\t<span class=\"elementor-icon-list-text\">Entrega R\u00e1pida<\/span>\n\t\t\t\t\t\t\t\t\t<\/li>\n\t\t\t\t\t\t\t\t<li class=\"elementor-icon-list-item\">\n\t\t\t\t\t\t\t\t\t\t\t<span class=\"elementor-icon-list-icon\">\n\t\t\t\t\t\t\t<svg xmlns=\"http:\/\/www.w3.org\/2000\/svg\" viewBox=\"0 0 24 24\" fill=\"currentColor\"><path d=\"M12 22C6.47715 22 2 17.5228 2 12C2 6.47715 6.47715 2 12 2C17.5228 2 22 6.47715 22 12C22 17.5228 17.5228 22 12 22ZM12 20C16.4183 20 20 16.4183 20 12C20 7.58172 16.4183 4 12 4C7.58172 4 4 7.58172 4 12C4 16.4183 7.58172 20 12 20ZM11.0026 16L6.75999 11.7574L8.17421 10.3431L11.0026 13.1716L16.6595 7.51472L18.0737 8.92893L11.0026 16Z\"><\/path><\/svg>\t\t\t\t\t\t<\/span>\n\t\t\t\t\t\t\t\t\t\t<span class=\"elementor-icon-list-text\">Soporte Experto<\/span>\n\t\t\t\t\t\t\t\t\t<\/li>\n\t\t\t\t\t\t<\/ul>\n\t\t\t\t\t\t<\/div>\n\t\t\t\t<\/div>\n\t\t\t\t<\/div>\n\t\t\n\t\t<div class=\"default no-position show_shadow rs-sticky-default elementor-element elementor-element-e31d05e e-flex e-con-boxed e-con e-child\" data-id=\"e31d05e\" data-element_type=\"container\">\n\t\t\t\t\t<div class=\"e-con-inner\">\n\t\t\n\t\t\t\t<div class=\"elementor-element elementor-element-3798670 elementor-icon-list--layout-traditional elementor-list-item-link-full_width elementor-widget elementor-widget-icon-list\" data-id=\"3798670\" data-element_type=\"widget\" data-widget_type=\"icon-list.default\">\n\t\t\t\t<div class=\"elementor-widget-container\">\n\t\t\t\t\t\t\t<ul class=\"elementor-icon-list-items\">\n\t\t\t\t\t\t\t<li class=\"elementor-icon-list-item\">\n\t\t\t\t\t\t\t\t\t\t\t<span class=\"elementor-icon-list-icon\">\n\t\t\t\t\t\t\t<svg xmlns=\"http:\/\/www.w3.org\/2000\/svg\" viewBox=\"0 0 24 24\" fill=\"currentColor\"><path d=\"M12 22C6.47715 22 2 17.5228 2 12C2 6.47715 6.47715 2 12 2C17.5228 2 22 6.47715 22 12C22 17.5228 17.5228 22 12 22ZM12 20C16.4183 20 20 16.4183 20 12C20 7.58172 16.4183 4 12 4C7.58172 4 4 7.58172 4 12C4 16.4183 7.58172 20 12 20ZM11.0026 16L6.75999 11.7574L8.17421 10.3431L11.0026 13.1716L16.6595 7.51472L18.0737 8.92893L11.0026 16Z\"><\/path><\/svg>\t\t\t\t\t\t<\/span>\n\t\t\t\t\t\t\t\t\t\t<span class=\"elementor-icon-list-text\">Amplio Stock de Piezas<\/span>\n\t\t\t\t\t\t\t\t\t<\/li>\n\t\t\t\t\t\t<\/ul>\n\t\t\t\t\t\t<\/div>\n\t\t\t\t<\/div>\n\t\t\t\t\t<\/div>\n\t\t\t\t<\/div>\n\t\t\t\t\t<\/div>\n\t\t\t\t<\/div>\n\t\t\n\t\t\t\t<div class=\"elementor-element elementor-element-d71425c elementor-widget elementor-widget-text-editor\" data-id=\"d71425c\" data-element_type=\"widget\" data-widget_type=\"text-editor.default\">\n\t\t\t\t<div class=\"elementor-widget-container\">\n\t\t\t\t\t\t\t\t\t<p>P\u00f3ngase en contacto con nosotros para satisfacer sus necesidades de piezas de repuesto de manera r\u00e1pida y confiable.<\/p>\t\t\t\t\t\t\t\t<\/div>\n\t\t\t\t<\/div>\n\t\t\n\t\t\t\t<div class=\"elementor-element elementor-element-fe7b73e elementor-widget elementor-widget-image\" data-id=\"fe7b73e\" data-element_type=\"widget\" data-widget_type=\"image.default\">\n\t\t\t\t<div class=\"elementor-widget-container\">\n\t\t\t\t\t\t\t\t\t\t\t\t\t\t\t<img decoding=\"async\" width=\"640\" height=\"241\" src=\"https:\/\/www.veyselkutuklu.com\/wp-content\/uploads\/2024\/09\/yedek_arca_veysel_kutuklu2-1024x386.jpg\" class=\"attachment-large size-large wp-image-32593\" alt=\"\" srcset=\"https:\/\/www.veyselkutuklu.com\/wp-content\/uploads\/2024\/09\/yedek_arca_veysel_kutuklu2-1024x386.jpg 1024w, https:\/\/www.veyselkutuklu.com\/wp-content\/uploads\/2024\/09\/yedek_arca_veysel_kutuklu2-300x113.jpg 300w, https:\/\/www.veyselkutuklu.com\/wp-content\/uploads\/2024\/09\/yedek_arca_veysel_kutuklu2-768x289.jpg 768w, https:\/\/www.veyselkutuklu.com\/wp-content\/uploads\/2024\/09\/yedek_arca_veysel_kutuklu2-1536x578.jpg 1536w, https:\/\/www.veyselkutuklu.com\/wp-content\/uploads\/2024\/09\/yedek_arca_veysel_kutuklu2.jpg 1920w\" sizes=\"(max-width: 640px) 100vw, 640px\" \/>\t\t\t\t\t\t\t\t\t\t\t\t\t\t\t<\/div>\n\t\t\t\t<\/div>\n\t\t\n\t\t\t\t<div class=\"elementor-element elementor-element-55c74c3 gallery-spacing-custom elementor-widget elementor-widget-image-gallery\" data-id=\"55c74c3\" data-element_type=\"widget\" data-widget_type=\"image-gallery.default\">\n\t\t\t\t<div class=\"elementor-widget-container\">\n\t\t\t\t\t\t\t<div class=\"elementor-image-gallery\">\n\t\t\t<div id='gallery-2' class='gallery galleryid-33501 gallery-columns-4 gallery-size-medium'><figure class='gallery-item'>\n\t\t\t<div class='gallery-icon landscape'>\n\t\t\t\t<img decoding=\"async\" width=\"269\" height=\"254\" src=\"https:\/\/www.veyselkutuklu.com\/wp-content\/uploads\/2024\/09\/vtc_spare_parts-12.png\" class=\"attachment-medium size-medium\" alt=\"\" \/>\n\t\t\t<\/div><\/figure><figure class='gallery-item'>\n\t\t\t<div class='gallery-icon landscape'>\n\t\t\t\t<img loading=\"lazy\" decoding=\"async\" width=\"269\" height=\"253\" src=\"https:\/\/www.veyselkutuklu.com\/wp-content\/uploads\/2024\/09\/vtc_spare_parts-1.png\" class=\"attachment-medium size-medium\" alt=\"\" \/>\n\t\t\t<\/div><\/figure><figure class='gallery-item'>\n\t\t\t<div class='gallery-icon landscape'>\n\t\t\t\t<img loading=\"lazy\" decoding=\"async\" width=\"269\" height=\"254\" src=\"https:\/\/www.veyselkutuklu.com\/wp-content\/uploads\/2024\/09\/vtc_spare_parts-2.png\" class=\"attachment-medium size-medium\" alt=\"\" \/>\n\t\t\t<\/div><\/figure><figure class='gallery-item'>\n\t\t\t<div class='gallery-icon landscape'>\n\t\t\t\t<img loading=\"lazy\" decoding=\"async\" width=\"269\" height=\"254\" src=\"https:\/\/www.veyselkutuklu.com\/wp-content\/uploads\/2024\/09\/vtc_spare_parts-3.png\" class=\"attachment-medium size-medium\" alt=\"\" \/>\n\t\t\t<\/div><\/figure><figure class='gallery-item'>\n\t\t\t<div class='gallery-icon landscape'>\n\t\t\t\t<img loading=\"lazy\" decoding=\"async\" width=\"269\" height=\"254\" src=\"https:\/\/www.veyselkutuklu.com\/wp-content\/uploads\/2024\/09\/vtc_spare_parts-4.png\" class=\"attachment-medium size-medium\" alt=\"\" \/>\n\t\t\t<\/div><\/figure><figure class='gallery-item'>\n\t\t\t<div class='gallery-icon landscape'>\n\t\t\t\t<img loading=\"lazy\" decoding=\"async\" width=\"269\" height=\"254\" src=\"https:\/\/www.veyselkutuklu.com\/wp-content\/uploads\/2024\/09\/vtc_spare_parts-5.png\" class=\"attachment-medium size-medium\" alt=\"\" \/>\n\t\t\t<\/div><\/figure><figure class='gallery-item'>\n\t\t\t<div class='gallery-icon landscape'>\n\t\t\t\t<img loading=\"lazy\" decoding=\"async\" width=\"269\" height=\"254\" src=\"https:\/\/www.veyselkutuklu.com\/wp-content\/uploads\/2024\/09\/vtc_spare_parts-6.png\" class=\"attachment-medium size-medium\" alt=\"\" \/>\n\t\t\t<\/div><\/figure><figure class='gallery-item'>\n\t\t\t<div class='gallery-icon landscape'>\n\t\t\t\t<img loading=\"lazy\" decoding=\"async\" width=\"269\" height=\"254\" src=\"https:\/\/www.veyselkutuklu.com\/wp-content\/uploads\/2024\/09\/vtc_spare_parts-7.png\" class=\"attachment-medium size-medium\" alt=\"\" \/>\n\t\t\t<\/div><\/figure><figure class='gallery-item'>\n\t\t\t<div class='gallery-icon landscape'>\n\t\t\t\t<img loading=\"lazy\" decoding=\"async\" width=\"269\" height=\"254\" src=\"https:\/\/www.veyselkutuklu.com\/wp-content\/uploads\/2024\/09\/vtc_spare_parts-8.png\" class=\"attachment-medium size-medium\" alt=\"\" \/>\n\t\t\t<\/div><\/figure><figure class='gallery-item'>\n\t\t\t<div class='gallery-icon landscape'>\n\t\t\t\t<img loading=\"lazy\" decoding=\"async\" width=\"269\" height=\"254\" src=\"https:\/\/www.veyselkutuklu.com\/wp-content\/uploads\/2024\/09\/vtc_spare_parts-9.png\" class=\"attachment-medium size-medium\" alt=\"\" \/>\n\t\t\t<\/div><\/figure><figure class='gallery-item'>\n\t\t\t<div class='gallery-icon landscape'>\n\t\t\t\t<img loading=\"lazy\" decoding=\"async\" width=\"269\" height=\"253\" src=\"https:\/\/www.veyselkutuklu.com\/wp-content\/uploads\/2024\/09\/vtc_spare_parts-10.png\" class=\"attachment-medium size-medium\" alt=\"\" \/>\n\t\t\t<\/div><\/figure><figure class='gallery-item'>\n\t\t\t<div class='gallery-icon landscape'>\n\t\t\t\t<img loading=\"lazy\" decoding=\"async\" width=\"269\" height=\"253\" src=\"https:\/\/www.veyselkutuklu.com\/wp-content\/uploads\/2024\/09\/vtc_spare_parts-11.png\" class=\"attachment-medium size-medium\" alt=\"\" \/>\n\t\t\t<\/div><\/figure>\n\t\t<\/div>\n\t\t<\/div>\n\t\t\t\t\t\t<\/div>\n\t\t\t\t<\/div>\n\t\t\t\t<\/div>\n\t\t\n\t\t<div class=\"default no-position show_shadow rs-sticky-default elementor-element elementor-element-543d7a0 e-con-full e-flex e-con e-child\" data-id=\"543d7a0\" data-element_type=\"container\">\n\t\t\n\t\t<div class=\"default no-position show_shadow rs-sticky-default elementor-element elementor-element-88367a2 e-flex e-con-boxed e-con e-child\" data-id=\"88367a2\" data-element_type=\"container\" data-settings=\"{&quot;background_background&quot;:&quot;classic&quot;}\">\n\t\t\t\t\t<div class=\"e-con-inner\">\n\t\t\n\t\t\t\t<div class=\"elementor-element elementor-element-20231aa elementor-widget elementor-widget-heading\" data-id=\"20231aa\" data-element_type=\"widget\" data-widget_type=\"heading.default\">\n\t\t\t\t<div class=\"elementor-widget-container\">\n\t\t\t\t\t<h3 class=\"elementor-heading-title elementor-size-default\">Hizmetlerimiz<\/h3>\t\t\t\t<\/div>\n\t\t\t\t<\/div>\n\t\t\n\t\t\t\t<div class=\"elementor-element elementor-element-45f0e75 hfe-submenu-icon-hide_default hfe-nav-menu__breakpoint-none hfe-link-redirect-child elementor-widget elementor-widget-navigation-menu\" data-id=\"45f0e75\" data-element_type=\"widget\" data-settings=\"{&quot;padding_horizontal_menu_item&quot;:{&quot;unit&quot;:&quot;px&quot;,&quot;top&quot;:&quot;16&quot;,&quot;right&quot;:&quot;20&quot;,&quot;bottom&quot;:&quot;16&quot;,&quot;left&quot;:&quot;20&quot;,&quot;isLinked&quot;:false},&quot;main_menu_border_radius&quot;:{&quot;unit&quot;:&quot;px&quot;,&quot;top&quot;:&quot;2&quot;,&quot;right&quot;:&quot;2&quot;,&quot;bottom&quot;:&quot;2&quot;,&quot;left&quot;:&quot;2&quot;,&quot;isLinked&quot;:true},&quot;location_area_padding&quot;:{&quot;unit&quot;:&quot;px&quot;,&quot;top&quot;:&quot;&quot;,&quot;right&quot;:&quot;&quot;,&quot;bottom&quot;:&quot;&quot;,&quot;left&quot;:&quot;&quot;,&quot;isLinked&quot;:true},&quot;location_area_padding_tablet&quot;:{&quot;unit&quot;:&quot;px&quot;,&quot;top&quot;:&quot;&quot;,&quot;right&quot;:&quot;&quot;,&quot;bottom&quot;:&quot;&quot;,&quot;left&quot;:&quot;&quot;,&quot;isLinked&quot;:true},&quot;location_area_padding_mobile&quot;:{&quot;unit&quot;:&quot;px&quot;,&quot;top&quot;:&quot;&quot;,&quot;right&quot;:&quot;&quot;,&quot;bottom&quot;:&quot;&quot;,&quot;left&quot;:&quot;&quot;,&quot;isLinked&quot;:true},&quot;padding_horizontal_menu_item_tablet&quot;:{&quot;unit&quot;:&quot;px&quot;,&quot;top&quot;:&quot;&quot;,&quot;right&quot;:&quot;&quot;,&quot;bottom&quot;:&quot;&quot;,&quot;left&quot;:&quot;&quot;,&quot;isLinked&quot;:true},&quot;padding_horizontal_menu_item_mobile&quot;:{&quot;unit&quot;:&quot;px&quot;,&quot;top&quot;:&quot;&quot;,&quot;right&quot;:&quot;&quot;,&quot;bottom&quot;:&quot;&quot;,&quot;left&quot;:&quot;&quot;,&quot;isLinked&quot;:true},&quot;menu_bottom_space_last_zero&quot;:{&quot;unit&quot;:&quot;px&quot;,&quot;size&quot;:&quot;&quot;,&quot;sizes&quot;:[]},&quot;menu_bottom_space_last_zero_tablet&quot;:{&quot;unit&quot;:&quot;px&quot;,&quot;size&quot;:&quot;&quot;,&quot;sizes&quot;:[]},&quot;menu_bottom_space_last_zero_mobile&quot;:{&quot;unit&quot;:&quot;px&quot;,&quot;size&quot;:&quot;&quot;,&quot;sizes&quot;:[]},&quot;main_menu_border_radius_tablet&quot;:{&quot;unit&quot;:&quot;px&quot;,&quot;top&quot;:&quot;&quot;,&quot;right&quot;:&quot;&quot;,&quot;bottom&quot;:&quot;&quot;,&quot;left&quot;:&quot;&quot;,&quot;isLinked&quot;:true},&quot;main_menu_border_radius_mobile&quot;:{&quot;unit&quot;:&quot;px&quot;,&quot;top&quot;:&quot;&quot;,&quot;right&quot;:&quot;&quot;,&quot;bottom&quot;:&quot;&quot;,&quot;left&quot;:&quot;&quot;,&quot;isLinked&quot;:true},&quot;main_menu_hover_border_radius&quot;:{&quot;unit&quot;:&quot;px&quot;,&quot;top&quot;:&quot;&quot;,&quot;right&quot;:&quot;&quot;,&quot;bottom&quot;:&quot;&quot;,&quot;left&quot;:&quot;&quot;,&quot;isLinked&quot;:true},&quot;main_menu_hover_border_radius_tablet&quot;:{&quot;unit&quot;:&quot;px&quot;,&quot;top&quot;:&quot;&quot;,&quot;right&quot;:&quot;&quot;,&quot;bottom&quot;:&quot;&quot;,&quot;left&quot;:&quot;&quot;,&quot;isLinked&quot;:true},&quot;main_menu_hover_border_radius_mobile&quot;:{&quot;unit&quot;:&quot;px&quot;,&quot;top&quot;:&quot;&quot;,&quot;right&quot;:&quot;&quot;,&quot;bottom&quot;:&quot;&quot;,&quot;left&quot;:&quot;&quot;,&quot;isLinked&quot;:true},&quot;dropdown_border_radius&quot;:{&quot;unit&quot;:&quot;px&quot;,&quot;top&quot;:&quot;&quot;,&quot;right&quot;:&quot;&quot;,&quot;bottom&quot;:&quot;&quot;,&quot;left&quot;:&quot;&quot;,&quot;isLinked&quot;:true},&quot;dropdown_border_radius_tablet&quot;:{&quot;unit&quot;:&quot;px&quot;,&quot;top&quot;:&quot;&quot;,&quot;right&quot;:&quot;&quot;,&quot;bottom&quot;:&quot;&quot;,&quot;left&quot;:&quot;&quot;,&quot;isLinked&quot;:true},&quot;dropdown_border_radius_mobile&quot;:{&quot;unit&quot;:&quot;px&quot;,&quot;top&quot;:&quot;&quot;,&quot;right&quot;:&quot;&quot;,&quot;bottom&quot;:&quot;&quot;,&quot;left&quot;:&quot;&quot;,&quot;isLinked&quot;:true},&quot;padding_horizontal_dropdown_item&quot;:{&quot;unit&quot;:&quot;px&quot;,&quot;size&quot;:&quot;&quot;,&quot;sizes&quot;:[]},&quot;padding_horizontal_dropdown_item_tablet&quot;:{&quot;unit&quot;:&quot;px&quot;,&quot;size&quot;:&quot;&quot;,&quot;sizes&quot;:[]},&quot;padding_horizontal_dropdown_item_mobile&quot;:{&quot;unit&quot;:&quot;px&quot;,&quot;size&quot;:&quot;&quot;,&quot;sizes&quot;:[]},&quot;padding_vertical_dropdown_item&quot;:{&quot;unit&quot;:&quot;px&quot;,&quot;size&quot;:15,&quot;sizes&quot;:[]},&quot;padding_vertical_dropdown_item_tablet&quot;:{&quot;unit&quot;:&quot;px&quot;,&quot;size&quot;:&quot;&quot;,&quot;sizes&quot;:[]},&quot;padding_vertical_dropdown_item_mobile&quot;:{&quot;unit&quot;:&quot;px&quot;,&quot;size&quot;:&quot;&quot;,&quot;sizes&quot;:[]},&quot;distance_from_menu&quot;:{&quot;unit&quot;:&quot;px&quot;,&quot;size&quot;:&quot;&quot;,&quot;sizes&quot;:[]},&quot;distance_from_menu_tablet&quot;:{&quot;unit&quot;:&quot;px&quot;,&quot;size&quot;:&quot;&quot;,&quot;sizes&quot;:[]},&quot;distance_from_menu_mobile&quot;:{&quot;unit&quot;:&quot;px&quot;,&quot;size&quot;:&quot;&quot;,&quot;sizes&quot;:[]},&quot;toggle_size&quot;:{&quot;unit&quot;:&quot;px&quot;,&quot;size&quot;:&quot;&quot;,&quot;sizes&quot;:[]},&quot;toggle_size_tablet&quot;:{&quot;unit&quot;:&quot;px&quot;,&quot;size&quot;:&quot;&quot;,&quot;sizes&quot;:[]},&quot;toggle_size_mobile&quot;:{&quot;unit&quot;:&quot;px&quot;,&quot;size&quot;:&quot;&quot;,&quot;sizes&quot;:[]},&quot;toggle_border_width&quot;:{&quot;unit&quot;:&quot;px&quot;,&quot;size&quot;:&quot;&quot;,&quot;sizes&quot;:[]},&quot;toggle_border_width_tablet&quot;:{&quot;unit&quot;:&quot;px&quot;,&quot;size&quot;:&quot;&quot;,&quot;sizes&quot;:[]},&quot;toggle_border_width_mobile&quot;:{&quot;unit&quot;:&quot;px&quot;,&quot;size&quot;:&quot;&quot;,&quot;sizes&quot;:[]},&quot;toggle_border_radius&quot;:{&quot;unit&quot;:&quot;px&quot;,&quot;size&quot;:&quot;&quot;,&quot;sizes&quot;:[]},&quot;toggle_border_radius_tablet&quot;:{&quot;unit&quot;:&quot;px&quot;,&quot;size&quot;:&quot;&quot;,&quot;sizes&quot;:[]},&quot;toggle_border_radius_mobile&quot;:{&quot;unit&quot;:&quot;px&quot;,&quot;size&quot;:&quot;&quot;,&quot;sizes&quot;:[]}}\" data-widget_type=\"navigation-menu.default\">\n\t\t\t\t<div class=\"elementor-widget-container\">\n\t\t\t\t\t\n\t\t<style>\n\t\t\t.hfe-layout-vertical .left-arrow ul .menu-item:hover a:after {\n\t\t\t\tbackground: !important;\n\t\t\t}\n\t\t\t.hfe-layout-vertical .left-arrow ul .menu-item:hover a:before {\n\t\t\t\tborder-left: 6px solid \t\t\t}\n\t\t<\/style>\n\n\t\t\t\t\t<div class=\"hfe-nav-menu hfe-layout-vertical normal hfe-nav-menu-layout mega_columns1 vertical\" data-layout=\"vertical\">\n\t\t\t\t<div class=\"hfe-nav-menu__toggle elementor-clickable\">\n\t\t\t\t\t<div class=\"hfe-nav-menu-icon\">\n\t\t\t\t\t\t\t\t\t\t\t<\/div>\n\t\t\t\t<\/div>\n\t\t\t\t\n\t\t\t\t<nav class=\"hfe-nav-menu__layout-vertical hfe-nav-menu__submenu-hide_default rs_one_columns no-separator no-arrow no-circle hide_default icon-enable\" data-toggle-icon=\"\" data-close-icon=\"\" data-full-width=\"\">\n\t\t\t\t\t<ul id=\"menu-1-45f0e75\" class=\"hfe-nav-menu\"><li id=\"menu-item-30316\" class=\"menu-item menu-item-type-post_type menu-item-object-portfolios parent hfe-creative-menu\"><a href=\"https:\/\/www.veyselkutuklu.com\/makinelerimiz\/otomatik-bonel-transfer-makinesi\/\" class = \"hfe-menu-item\">Serie VTC &#8211; M\u00e1quina Autom\u00e1tica de Transferencia Bonnell<em class=\"rs__menu_sp_dyc\"><i class=\"ri-arrow-right-line\"><\/i><\/em><\/a><\/li>\n<li id=\"menu-item-30317\" class=\"menu-item menu-item-type-post_type menu-item-object-portfolios parent hfe-creative-menu\"><a href=\"https:\/\/www.veyselkutuklu.com\/makinelerimiz\/otomatik-bonel-yay-makinesi\/\" class = \"hfe-menu-item\">Serie VKY &#8211; M\u00e1quina Autom\u00e1tica de Muelles Bonnell<em class=\"rs__menu_sp_dyc\"><i class=\"ri-arrow-right-line\"><\/i><\/em><\/a><\/li>\n<li id=\"menu-item-30318\" class=\"menu-item menu-item-type-post_type menu-item-object-portfolios parent hfe-creative-menu\"><a href=\"https:\/\/www.veyselkutuklu.com\/makinelerimiz\/otomatik-bonel-dizgi-makinesi\/\" class = \"hfe-menu-item\">Serie VKD &#8211; M\u00e1quina Autom\u00e1tica de Ensamblaje de Muelles Bonnell<em class=\"rs__menu_sp_dyc\"><i class=\"ri-arrow-right-line\"><\/i><\/em><\/a><\/li>\n<li id=\"menu-item-30319\" class=\"menu-item menu-item-type-post_type menu-item-object-portfolios parent hfe-creative-menu\"><a href=\"https:\/\/www.veyselkutuklu.com\/makinelerimiz\/yatak-kenar-kapama-makinesi\/\" class = \"hfe-menu-item\">Serie Nexus &#8211; M\u00e1quina de Cierre de Bordes de Colchones<em class=\"rs__menu_sp_dyc\"><i class=\"ri-arrow-right-line\"><\/i><\/em><\/a><\/li>\n<li id=\"menu-item-30315\" class=\"menu-item menu-item-type-post_type menu-item-object-page parent hfe-creative-menu\"><a href=\"https:\/\/www.veyselkutuklu.com\/yedek-parca\/\" class = \"hfe-menu-item\">Piezas de Repuesto<em class=\"rs__menu_sp_dyc\"><i class=\"ri-arrow-right-line\"><\/i><\/em><\/a><\/li>\n<li id=\"menu-item-30314\" class=\"menu-item menu-item-type-post_type menu-item-object-page parent hfe-creative-menu\"><a href=\"https:\/\/www.veyselkutuklu.com\/servis-ve-egitim\/\" class = \"hfe-menu-item\">Servicios y Formaci\u00f3n<em class=\"rs__menu_sp_dyc\"><i class=\"ri-arrow-right-line\"><\/i><\/em><\/a><\/li>\n<\/ul>\t\t\t\t<\/nav>              \n\t\t\t<\/div>\n\n\t\t\t\t\t\t\t<\/div>\n\t\t\t\t<\/div>\n\t\t\t\t\t<\/div>\n\t\t\t\t<\/div>\n\t\t\t\t<\/div>\n\t\t\t\t<\/div>\n\t\t\t\t\t<\/div>\n\t\t\t\t<\/div>\n\t\t\t\t<\/div>\n\t\t","protected":false},"excerpt":{"rendered":"<p>Servicios de Piezas de Repuesto Ofrecemos servicios de piezas de repuesto originales para garantizar el funcionamiento sin problemas de sus m\u00e1quinas. \u00a0 Para minimizar las interrupciones de producci\u00f3n y aumentar la eficiencia de sus m\u00e1quinas, mantenemos en stock las piezas m\u00e1s solicitadas. Estamos a su disposici\u00f3n con entrega r\u00e1pida y servicio confiable para sus solicitudes&#8230;<\/p>\n","protected":false},"author":1,"featured_media":0,"parent":0,"menu_order":0,"comment_status":"closed","ping_status":"closed","template":"elementor_header_footer","meta":{"footnotes":""},"class_list":["post-33501","page","type-page","status-publish","hentry"],"_links":{"self":[{"href":"https:\/\/www.veyselkutuklu.com\/es\/wp-json\/wp\/v2\/pages\/33501","targetHints":{"allow":["GET"]}}],"collection":[{"href":"https:\/\/www.veyselkutuklu.com\/es\/wp-json\/wp\/v2\/pages"}],"about":[{"href":"https:\/\/www.veyselkutuklu.com\/es\/wp-json\/wp\/v2\/types\/page"}],"author":[{"embeddable":true,"href":"https:\/\/www.veyselkutuklu.com\/es\/wp-json\/wp\/v2\/users\/1"}],"replies":[{"embeddable":true,"href":"https:\/\/www.veyselkutuklu.com\/es\/wp-json\/wp\/v2\/comments?post=33501"}],"version-history":[{"count":5,"href":"https:\/\/www.veyselkutuklu.com\/es\/wp-json\/wp\/v2\/pages\/33501\/revisions"}],"predecessor-version":[{"id":33570,"href":"https:\/\/www.veyselkutuklu.com\/es\/wp-json\/wp\/v2\/pages\/33501\/revisions\/33570"}],"wp:attachment":[{"href":"https:\/\/www.veyselkutuklu.com\/es\/wp-json\/wp\/v2\/media?parent=33501"}],"curies":[{"name":"wp","href":"https:\/\/api.w.org\/{rel}","templated":true}]}}