{"id":31743,"date":"2024-03-08T11:29:26","date_gmt":"2024-03-08T11:29:26","guid":{"rendered":"https:\/\/www.veyselkutuklu.com\/hr\/"},"modified":"2024-11-23T17:05:55","modified_gmt":"2024-11-23T17:05:55","slug":"hr","status":"publish","type":"page","link":"https:\/\/www.veyselkutuklu.com\/en\/hr\/","title":{"rendered":"HR"},"content":{"rendered":"\t\t<div data-elementor-type=\"wp-page\" data-elementor-id=\"31743\" class=\"elementor elementor-31743\">\n\t\t\t\t\n\t\t<div class=\"default no-position show_shadow rs-sticky-default elementor-element elementor-element-14f94be e-con-full e-flex e-con e-parent\" data-id=\"14f94be\" data-element_type=\"container\" data-settings=\"{&quot;background_background&quot;:&quot;classic&quot;}\">\n\t\t\n\t\t<div class=\"default no-position show_shadow rs-sticky-default elementor-element elementor-element-cee9739 e-flex e-con-boxed e-con e-child\" data-id=\"cee9739\" data-element_type=\"container\">\n\t\t\t\t\t<div class=\"e-con-inner\">\n\t\t\n\t\t<div class=\"default no-position show_shadow rs-sticky-default elementor-element elementor-element-0a4d618 e-con-full e-flex e-con e-child\" data-id=\"0a4d618\" data-element_type=\"container\">\n\t\t\n\t\t\t\t<div class=\"elementor-element elementor-element-8bca7ba elementor-widget elementor-widget-rs-service-grid\" data-id=\"8bca7ba\" data-element_type=\"widget\" data-widget_type=\"rs-service-grid.default\">\n\t\t\t\t<div class=\"elementor-widget-container\">\n\t\t\t\t\t\r\n\t\t<div class=\"rs-addon-services style9\">\r\n\t\t\t\r\n<div class=\"services-inner clip-path-enable box\">\r\n            <div class=\"numbering\">\r\n            01        <\/div>\r\n        \r\n\r\n    <div class=\"content_part\">\r\n\r\n                    <div class=\"services-title\">\r\n                                    <h3 class=\"title\"> Analysing the customer's goals and needs<\/h3>\r\n                            <\/div>\r\n        \r\n                    <div class=\"media_wrap\">\r\n                                                            <div class=\"icon_style media-cmn normal\">\r\n                            <svg xmlns=\"http:\/\/www.w3.org\/2000\/svg\" height=\"512\" viewBox=\"0 0 512 512\" width=\"512\"><path d=\"m246.222 279.354v-210.019c0-4.418-3.582-8-8-8-59.12 0-114.701 23.022-156.505 64.827s-64.827 97.386-64.827 156.506 23.023 114.701 64.827 156.505 97.385 64.827 156.505 64.827 114.702-23.023 156.505-64.827c3.124-3.124 3.124-8.189 0-11.313zm-8 208.646c-113.221 0-205.333-92.112-205.333-205.333 0-110.54 87.808-200.958 197.333-205.179v205.179c0 2.122.843 4.157 2.343 5.657l145.084 145.084c-38.055 35.266-87.255 54.592-139.427 54.592zm248.889-231.111h-213.333c-3.236 0-6.153 1.949-7.391 4.938s-.554 6.43 1.734 8.718l150.849 150.85c1.562 1.562 3.609 2.343 5.657 2.343s4.095-.781 5.657-2.343c41.804-41.804 64.827-97.385 64.827-156.505 0-4.419-3.582-8.001-8-8.001zm-62.591 147.428-131.428-131.428h185.867c-1.872 49.188-20.982 95.324-54.439 131.428zm-150.742-166.984h213.333c4.418 0 8-3.582 8-8 0-59.12-23.022-114.702-64.827-156.506s-97.386-64.827-156.506-64.827c-4.418 0-8 3.582-8 8v213.333c0 4.418 3.582 8 8 8zm8-213.179c106.868 4.118 193.061 90.311 197.179 197.179h-197.179z\"><\/path><\/svg>                        <\/div>\r\n                    \r\n                                                <\/div>\r\n        \r\n                    <div class=\"desc-text\">\r\n                Our approach to project management is based on practical experience and prioritises open communication.\n\n            <\/div>\r\n        \r\n            <\/div>\r\n<\/div>\t\t<\/div>\r\n\r\n\t\t\t\t<\/div>\n\t\t\t\t<\/div>\n\t\t\t\t<\/div>\n\t\t\n\t\t<div class=\"default no-position show_shadow rs-sticky-default elementor-element elementor-element-b893d12 e-con-full e-flex e-con e-child\" data-id=\"b893d12\" data-element_type=\"container\">\n\t\t\n\t\t\t\t<div class=\"elementor-element elementor-element-64472d8 elementor-widget elementor-widget-rs-service-grid\" data-id=\"64472d8\" data-element_type=\"widget\" data-widget_type=\"rs-service-grid.default\">\n\t\t\t\t<div class=\"elementor-widget-container\">\n\t\t\t\t\t\r\n\t\t<div class=\"rs-addon-services style9\">\r\n\t\t\t\r\n<div class=\"services-inner clip-path-enable box\">\r\n            <div class=\"numbering\">\r\n            02        <\/div>\r\n        \r\n\r\n    <div class=\"content_part\">\r\n\r\n                    <div class=\"services-title\">\r\n                                    <h3 class=\"title\"> Engineering project work and solution design<\/h3>\r\n                            <\/div>\r\n        \r\n                    <div class=\"media_wrap\">\r\n                                                            <div class=\"icon_style media-cmn normal\">\r\n                            <svg xmlns=\"http:\/\/www.w3.org\/2000\/svg\" viewBox=\"0 0 512 512\"><path clip-rule=\"evenodd\" d=\"m193.99 213.76c17.27 0 31.32-14.05 31.32-31.32s-14.05-31.32-31.32-31.32-31.32 14.05-31.32 31.32 14.05 31.32 31.32 31.32zm0-52.64c11.75 0 21.32 9.56 21.32 21.32 0 11.75-9.56 21.32-21.32 21.32s-21.32-9.56-21.32-21.32c.01-11.75 9.57-21.32 21.32-21.32zm-49.53 2.36-9.43.88c-5.82.54-10.3 4.98-10.9 10.79-.52 5.03-.5 10.12.06 15.15.65 5.81 5.17 10.21 10.99 10.71l9.44.8c.69.06 1.02.49 1.16.84s.23.88-.22 1.42l-6.05 7.28c-3.73 4.5-3.76 10.8-.08 15.34 3.19 3.93 6.81 7.52 10.77 10.68 4.56 3.64 10.87 3.56 15.33-.21l7.24-6.1c.53-.45 1.06-.37 1.41-.23s.78.46.85 1.16l.88 9.43c.54 5.82 4.98 10.3 10.79 10.9 2.42.25 4.86.38 7.3.38 2.62 0 5.24-.15 7.85-.43 5.81-.65 10.21-5.17 10.71-10.99l.8-9.44c.06-.7.49-1.02.84-1.16s.88-.23 1.42.22l7.29 6.05c4.5 3.73 10.8 3.77 15.34.08 3.93-3.19 7.52-6.81 10.68-10.77 3.64-4.56 3.56-10.87-.21-15.33l-6.1-7.24c-.45-.53-.37-1.06-.23-1.41s.46-.78 1.16-.85l9.43-.88c5.82-.54 10.3-4.98 10.9-10.79.52-5.03.5-10.12-.06-15.15-.65-5.81-5.17-10.21-10.99-10.71l-9.44-.8c-.7-.06-1.02-.49-1.16-.84-.15-.35-.23-.88.22-1.42l6.05-7.29c3.73-4.5 3.77-10.8.08-15.34-3.19-3.93-6.81-7.52-10.77-10.68-4.56-3.64-10.87-3.56-15.33.21l-7.24 6.1c-.53.45-1.06.38-1.41.23-.35-.14-.78-.46-.85-1.16l-.88-9.43c-.54-5.82-4.98-10.3-10.79-10.9-5.03-.52-10.12-.5-15.15.06-5.81.65-10.21 5.17-10.7 10.99l-.8 9.44c-.06.7-.49 1.02-.84 1.16-.35.15-.88.23-1.42-.22l-7.29-6.05c-4.5-3.73-10.8-3.76-15.34-.08-3.93 3.19-7.52 6.81-10.68 10.77-3.64 4.57-3.56 10.87.21 15.33l6.1 7.24c.45.53.37 1.06.23 1.41-.15.35-.47.78-1.17.85zm8.57-8.71-6.1-7.24c-.66-.78-.67-1.85-.04-2.65 2.71-3.39 5.79-6.5 9.17-9.24.8-.65 1.86-.64 2.65.01l7.29 6.05c3.28 2.72 7.75 3.39 11.67 1.75s6.58-5.3 6.94-9.54l.8-9.44c.09-1.02.83-1.78 1.85-1.9 4.32-.48 8.7-.5 13.01-.05 1.02.11 1.77.86 1.86 1.88l.88 9.43c.39 4.24 3.08 7.87 7.01 9.48s8.4.9 11.65-1.84l7.23-6.1c.78-.66 1.85-.68 2.65-.04 3.4 2.71 6.5 5.79 9.24 9.17.65.79.64 1.86-.02 2.65l-6.05 7.29c-2.72 3.28-3.39 7.75-1.75 11.67s5.3 6.58 9.54 6.94l9.44.8c1.02.09 1.78.83 1.9 1.85.48 4.32.5 8.7.05 13.01-.11 1.02-.86 1.77-1.88 1.86l-9.43.88c-4.24.39-7.87 3.08-9.48 7.01s-.91 8.4 1.84 11.65l6.1 7.24c.66.78.67 1.85.04 2.65-2.71 3.4-5.79 6.5-9.17 9.24-.8.65-1.86.64-2.65-.01l-7.29-6.05c-3.28-2.72-7.75-3.39-11.67-1.75s-6.58 5.3-6.94 9.54l-.8 9.44c-.09 1.02-.83 1.78-1.85 1.9-4.32.48-8.7.5-13.01.05-1.02-.11-1.77-.86-1.86-1.88l-.88-9.43c-.39-4.24-3.08-7.87-7.01-9.48-1.4-.57-2.86-.85-4.31-.85-2.64 0-5.24.92-7.34 2.69l-7.23 6.1c-.78.66-1.85.68-2.65.04-3.4-2.71-6.5-5.79-9.24-9.17-.65-.8-.64-1.86.01-2.65l6.05-7.29c2.72-3.28 3.39-7.75 1.75-11.67s-5.3-6.58-9.54-6.94l-9.44-.8c-1.02-.09-1.78-.83-1.9-1.85-.48-4.32-.5-8.7-.05-13.01.11-1.02.86-1.77 1.88-1.86l9.43-.88c4.24-.39 7.87-3.08 9.48-7.02 1.62-3.92.92-8.39-1.83-11.64zm336.24 306.92-41.1-41.1c-2.71-2.71-6.33-4.21-10.18-4.21-1.04 0-2.06.12-3.05.33l-26.5-26.5c9.81-14.3 15.56-31.6 15.56-50.22 0-35.88-21.35-66.87-52.01-80.94v-156.48c0-27.92-22.71-50.63-50.63-50.63h-61.83c-3.22-6.9-10.2-11.7-18.3-11.7h-13.36c-2.43-16.52-16.7-29.24-33.88-29.24s-31.45 12.72-33.88 29.24h-13.36c-8.1 0-15.08 4.8-18.3 11.7h-61.82c-27.92 0-50.63 22.71-50.63 50.63v347.8c0 27.92 22.71 50.63 50.63 50.63h254.73c27.92 0 50.63-22.71 50.63-50.63v-29.43c4.64-2.13 9.06-4.64 13.23-7.5l26.51 26.51c-1 4.62.29 9.64 3.87 13.23l41.1 41.1c4.49 4.49 10.39 6.74 16.29 6.74s11.8-2.25 16.29-6.74c4.34-4.34 6.73-10.12 6.73-16.29s-2.4-11.96-6.74-16.3zm-75.27-121.7c0 43.56-35.44 79-79 79s-79-35.44-79-79 35.44-79 79-79 79 35.44 79 79zm-52.02-237.42v152.62c-4.62-1.47-9.41-2.58-14.32-3.28v-149.34c0-14.51-11.8-26.31-26.31-26.31h-59.93v-14.32h59.93c22.41 0 40.63 18.22 40.63 40.63zm-225.43-42.13c0-5.62 4.58-10.2 10.2-10.2h17.99c2.76 0 5-2.24 5-5 0-13.37 10.88-24.24 24.24-24.24 13.37 0 24.24 10.88 24.24 24.24 0 2.76 2.24 5 5 5h17.99c5.62 0 10.2 4.58 10.2 10.2v17.32c0 5.62-4.58 10.2-10.2 10.2h-94.47c-5.62 0-10.2-4.58-10.2-10.2v-17.32zm10.2 37.52h94.47c8.1 0 15.08-4.8 18.3-11.7h61.83c8.99 0 16.31 7.32 16.31 16.31v148.47c-.89-.03-1.77-.04-2.67-.04-49.07 0-89 39.92-89 89s39.92 89 89 89c.89 0 1.78-.02 2.67-.04v21.42c0 8.99-7.32 16.31-16.31 16.31h-254.72c-8.99 0-16.31-7.32-16.31-16.31v-347.8c0-8.99 7.32-16.31 16.31-16.31h61.83c3.21 6.89 10.19 11.69 18.29 11.69zm215.23 352.41c0 22.4-18.23 40.63-40.63 40.63h-254.72c-22.4 0-40.63-18.23-40.63-40.63v-347.8c0-22.4 18.23-40.63 40.63-40.63h59.93v14.32h-59.93c-14.51 0-26.31 11.8-26.31 26.31v347.8c0 14.51 11.8 26.31 26.31 26.31h254.73c14.51 0 26.31-11.8 26.31-26.31v-22.28c4.91-.7 9.7-1.81 14.32-3.28v25.56zm40.3-52.18 23.97 23.97-9.08 9.08-23.97-23.97c3.24-2.8 6.27-5.84 9.08-9.08zm79.92 89.01c-5.08 5.08-13.35 5.08-18.43 0l-41.1-41.1c-1.71-1.71-1.71-4.5 0-6.22l12.22-12.22c.86-.86 1.98-1.29 3.11-1.29s2.25.43 3.11 1.29l41.1 41.1c2.45 2.45 3.8 5.72 3.8 9.22-.01 3.5-1.36 6.77-3.81 9.22zm-215.29-147.21c0 37.54 30.54 68.09 68.09 68.09s68.09-30.54 68.09-68.09c0-37.54-30.54-68.09-68.09-68.09s-68.09 30.55-68.09 68.09zm126.18 0c0 32.03-26.06 58.09-58.09 58.09s-58.09-26.06-58.09-58.09 26.06-58.09 58.09-58.09 58.09 26.06 58.09 58.09zm-83.3-11.61c-2.34-3.08-5.74-5.07-9.57-5.59s-7.64.47-10.72 2.81-5.07 5.74-5.59 9.57c-.53 3.83.47 7.64 2.81 10.72l21.19 27.9c2.51 3.3 6.31 5.38 10.45 5.69.37.03.73.04 1.1.04 3.75 0 7.38-1.46 10.09-4.09l46.5-45.1c2.78-2.7 4.33-6.32 4.39-10.19.05-3.87-1.4-7.53-4.1-10.31s-6.32-4.33-10.19-4.39c-3.85-.03-7.53 1.4-10.3 4.1l-34.75 33.7zm53.01-11.67c.86-.84 2.02-1.31 3.2-1.27 1.2.02 2.32.5 3.16 1.36s1.29 2 1.27 3.2-.5 2.32-1.36 3.16l-46.49 45.09c-.94.91-2.18 1.35-3.47 1.25-1.3-.1-2.45-.73-3.24-1.77l-21.19-27.9c-.72-.95-1.03-2.13-.87-3.31.16-1.19.78-2.24 1.73-2.96s2.13-1.04 3.32-.87c1.19.16 2.24.78 2.96 1.73l14.71 19.36c.87 1.14 2.18 1.85 3.6 1.96s2.83-.4 3.86-1.4zm-280.3-18.54c0-2.76 2.24-5 5-5h141.42c2.76 0 5 2.24 5 5s-2.24 5-5 5h-141.42c-2.77 0-5-2.24-5-5zm88.16 127.85c0 2.76-2.24 5-5 5h-78.16c-2.76 0-5-2.24-5-5s2.24-5 5-5h78.16c2.76 0 5 2.23 5 5zm68.16-31.97c0 2.76-2.24 5-5 5h-146.32c-2.76 0-5-2.24-5-5s2.24-5 5-5h146.32c2.76 0 5 2.24 5 5zm-156.32-31.96c0-2.76 2.24-5 5-5h135.66c2.76 0 5 2.24 5 5s-2.24 5-5 5h-135.66c-2.77 0-5-2.23-5-5zm0-31.96c0-2.76 2.24-5 5-5h133.94c2.76 0 5 2.24 5 5s-2.24 5-5 5h-133.94c-2.77 0-5-2.24-5-5zm371.68 42.39c1.63 3.65 5.13 5.92 9.13 5.92s7.49-2.27 9.13-5.92l19.37-43.29c.29-.64.44-1.34.44-2.04v-246.32c0-15.95-12.98-28.93-28.93-28.93s-28.93 12.98-28.93 28.93v246.32c0 .7.15 1.4.44 2.04zm9.13-4.09-16.22-36.25h32.44zm-18.93-46.24v-207.46h37.87v207.46zm18.93-260.25c10.44 0 18.93 8.49 18.93 18.93v23.86h-37.87v-23.86c.01-10.44 8.5-18.93 18.94-18.93zm-277.42-19.08c0-4.48 3.63-8.11 8.11-8.11s8.11 3.63 8.11 8.11-3.63 8.11-8.11 8.11c-4.49 0-8.11-3.63-8.11-8.11z\" fill-rule=\"evenodd\"><\/path><\/svg>                        <\/div>\r\n                    \r\n                                                <\/div>\r\n        \r\n                    <div class=\"desc-text\">\r\n                Together, we determine the overall scope of the industrial data automation project and the components required to produce it.\n            <\/div>\r\n        \r\n            <\/div>\r\n<\/div>\t\t<\/div>\r\n\r\n\t\t\t\t<\/div>\n\t\t\t\t<\/div>\n\t\t\t\t<\/div>\n\t\t\n\t\t<div class=\"default no-position show_shadow rs-sticky-default elementor-element elementor-element-52b5099 e-con-full e-flex e-con e-child\" data-id=\"52b5099\" data-element_type=\"container\">\n\t\t\n\t\t\t\t<div class=\"elementor-element elementor-element-ab3ca3c elementor-widget elementor-widget-rs-service-grid\" data-id=\"ab3ca3c\" data-element_type=\"widget\" data-widget_type=\"rs-service-grid.default\">\n\t\t\t\t<div class=\"elementor-widget-container\">\n\t\t\t\t\t\r\n\t\t<div class=\"rs-addon-services style9\">\r\n\t\t\t\r\n<div class=\"services-inner clip-path-enable box\">\r\n            <div class=\"numbering\">\r\n            03        <\/div>\r\n        \r\n\r\n    <div class=\"content_part\">\r\n\r\n                    <div class=\"services-title\">\r\n                                    <h3 class=\"title\">  Solution implementation phase and installation<\/h3>\r\n                            <\/div>\r\n        \r\n                    <div class=\"media_wrap\">\r\n                                                            <div class=\"icon_style media-cmn normal\">\r\n                            <svg xmlns=\"http:\/\/www.w3.org\/2000\/svg\" viewBox=\"0 0 64 64\"><g data-name=\"23 Computer repair\" id=\"_23_Computer_repair\"><g><path d=\"M25,23a1,1,0,0,0-1,1V46H2V36H21a1,1,0,0,0,0-2H2V24H12a1,1,0,0,0,0-2H2V13a1,1,0,0,1,1-1h8a1,1,0,0,0,0-2H3a3,3,0,0,0-3,3V55a1,1,0,0,0,2,0V48H24V61a1,1,0,0,1-1,1H3a1,1,0,0,1-1-1V59a1,1,0,0,0-2,0v2a3,3,0,0,0,3,3H23a3,3,0,0,0,3-3V24A1,1,0,0,0,25,23Z\"><\/path><path d=\"M61,21H29a1,1,0,0,0,0,2H61a1,1,0,0,1,1,1V47H29a1,1,0,0,0,0,2H62v3a1,1,0,0,1-1,1H29a1,1,0,0,0,0,2H40.613l-1.561,4.684A1,1,0,0,0,40,61h8a1,1,0,0,0,.948-1.316L47.387,55H61a3,3,0,0,0,3-3V24A3,3,0,0,0,61,21ZM46.612,59H41.388l1.332-4h2.56Z\"><\/path><circle cx=\"5\" cy=\"19\" r=\"1\"><\/circle><circle cx=\"9\" cy=\"19\" r=\"1\"><\/circle><path d=\"M17,55a4,4,0,1,0-4,4A4,4,0,0,0,17,55Zm-6,0a2,2,0,1,1,2,2A2,2,0,0,1,11,55Z\"><\/path><path d=\"M10.5,8h5a1,1,0,0,0,0-2H12.183a8.988,8.988,0,0,1,15.265.5,1,1,0,0,0,.865.5H53.5a1,1,0,0,0,0-2H28.872A10.989,10.989,0,0,0,9.584,6.6,1,1,0,0,0,10.5,8Z\"><\/path><path d=\"M41.5,17a1,1,0,0,0,0-2H28.313a1,1,0,0,0-.865.5,8.989,8.989,0,0,1-15.266.5h7.48a1,1,0,0,0,.895-.553l2-4a1,1,0,0,0,0-.894l-2-4a1,1,0,1,0-1.789.894L20.544,11l-1.5,3H10.5a1,1,0,0,0-.917,1.4A10.99,10.99,0,0,0,28.872,17Z\"><\/path><path d=\"M53.5,15h-8a1,1,0,0,0,0,2h8a1,1,0,0,0,0-2Z\"><\/path><path d=\"M42,39a1,1,0,0,0,.707-.293l7-7a1,1,0,0,0-1.414-1.414L42,36.586l-2.293-2.293a1,1,0,0,0-1.414,1.414l3,3A1,1,0,0,0,42,39Z\"><\/path><\/g><\/g><\/svg>                        <\/div>\r\n                    \r\n                                                <\/div>\r\n        \r\n                    <div class=\"desc-text\">\r\n                We work in close co-operation with you, examine the strategy and carry out the mechanical installation and integration.\n\n\n            <\/div>\r\n        \r\n            <\/div>\r\n<\/div>\t\t<\/div>\r\n\r\n\t\t\t\t<\/div>\n\t\t\t\t<\/div>\n\t\t\t\t<\/div>\n\t\t\t\t\t<\/div>\n\t\t\t\t<\/div>\n\t\t\t\t<\/div>\n\t\t\n\t\t<div class=\"default no-position show_shadow rs-sticky-default elementor-element elementor-element-c5e6915 e-con-full e-flex e-con e-parent\" data-id=\"c5e6915\" data-element_type=\"container\" data-settings=\"{&quot;background_background&quot;:&quot;classic&quot;}\">\n\t\t\n\t\t<div class=\"default no-position show_shadow rs-sticky-default elementor-element elementor-element-7b24cbc e-flex e-con-boxed e-con e-child\" data-id=\"7b24cbc\" data-element_type=\"container\">\n\t\t\t\t\t<div class=\"e-con-inner\">\n\t\t\n\t\t<div class=\"default no-position show_shadow rs-sticky-default elementor-element elementor-element-fb6e03f e-con-full e-flex e-con e-child\" data-id=\"fb6e03f\" data-element_type=\"container\">\n\t\t\n\t\t\t\t<div class=\"elementor-element elementor-element-d19a37f elementor-widget elementor-widget-image\" data-id=\"d19a37f\" data-element_type=\"widget\" data-widget_type=\"image.default\">\n\t\t\t\t<div class=\"elementor-widget-container\">\n\t\t\t\t\t\t\t\t\t\t\t\t\t\t\t<img fetchpriority=\"high\" decoding=\"async\" width=\"539\" height=\"630\" src=\"https:\/\/www.veyselkutuklu.com\/wp-content\/uploads\/2024\/09\/veysel_kutuklu_fabrikada-2.jpg\" class=\"attachment-full size-full wp-image-32692\" alt=\"\" srcset=\"https:\/\/www.veyselkutuklu.com\/wp-content\/uploads\/2024\/09\/veysel_kutuklu_fabrikada-2.jpg 539w, https:\/\/www.veyselkutuklu.com\/wp-content\/uploads\/2024\/09\/veysel_kutuklu_fabrikada-2-257x300.jpg 257w\" sizes=\"(max-width: 539px) 100vw, 539px\" \/>\t\t\t\t\t\t\t\t\t\t\t\t\t\t\t<\/div>\n\t\t\t\t<\/div>\n\t\t\t\t<\/div>\n\t\t\n\t\t<div class=\"default no-position show_shadow rs-sticky-default elementor-element elementor-element-3e8e177 e-flex e-con-boxed e-con e-child\" data-id=\"3e8e177\" data-element_type=\"container\" data-settings=\"{&quot;background_background&quot;:&quot;classic&quot;}\">\n\t\t\t\t\t<div class=\"e-con-inner\">\n\t\t\n\t\t\t\t<div class=\"elementor-element elementor-element-90be11b elementor-widget elementor-widget-rs-heading\" data-id=\"90be11b\" data-element_type=\"widget\" data-widget_type=\"rs-heading.default\">\n\t\t\t\t<div class=\"elementor-widget-container\">\n\t\t\t\t\t\n\t\t<div class=\"prelements-heading default  \">\n\t\t\t<div class=\"title-inner\">\n\t\t\t\t<h3 class=\"title rs-split-text-disable \">Join our Team<\/h3>\n\t\t\t<\/div>\n\t\t\t\t\t\t\t<div class=\"description\">\n\t\t\t\t\t<p>If you want to be a part of this strong team, you can fill out the form below or send an e-mail to ik@veyselkutuklu.com to reach human resources.<\/p>\t\t\t\t<\/div>\n\t\t\t\t\t<\/div>\n\t\t\t\t<\/div>\n\t\t\t\t<\/div>\n\t\t\n\t\t\t\t<div class=\"elementor-element elementor-element-99c518f elementor-widget elementor-widget-rs-cf7\" data-id=\"99c518f\" data-element_type=\"widget\" data-widget_type=\"rs-cf7.default\">\n\t\t\t\t<div class=\"elementor-widget-container\">\n\t\t\t\t\t<div class=\"contact-home4 \">\n<div class=\"wpcf7 no-js\" id=\"wpcf7-f4295-o1\" lang=\"tr-TR\" dir=\"ltr\" data-wpcf7-id=\"4295\">\n<div class=\"screen-reader-response\"><p role=\"status\" aria-live=\"polite\" aria-atomic=\"true\"><\/p> <ul><\/ul><\/div>\n<form action=\"\/en\/wp-json\/wp\/v2\/pages\/31743#wpcf7-f4295-o1\" method=\"post\" class=\"wpcf7-form init\" aria-label=\"\u0130leti\u015fim Formu\" novalidate=\"novalidate\" data-status=\"init\">\n<div style=\"display: none;\">\n<input type=\"hidden\" name=\"_wpcf7\" value=\"4295\" \/>\n<input type=\"hidden\" name=\"_wpcf7_version\" value=\"6.0.6\" \/>\n<input type=\"hidden\" name=\"_wpcf7_locale\" value=\"tr_TR\" \/>\n<input type=\"hidden\" name=\"_wpcf7_unit_tag\" value=\"wpcf7-f4295-o1\" \/>\n<input type=\"hidden\" name=\"_wpcf7_container_post\" value=\"0\" \/>\n<input type=\"hidden\" name=\"_wpcf7_posted_data_hash\" value=\"\" \/>\n<input type=\"hidden\" name=\"_wpcf7_recaptcha_response\" value=\"\" \/>\n<\/div>\n<p><span class=\"wpcf7-form-control-wrap\" data-name=\"full-name\"><input size=\"40\" maxlength=\"400\" class=\"wpcf7-form-control wpcf7-text wpcf7-validates-as-required\" aria-required=\"true\" aria-invalid=\"false\" placeholder=\"\u0130sim Soyisim\" value=\"\" type=\"text\" name=\"full-name\" \/><\/span><span class=\"wpcf7-form-control-wrap\" data-name=\"your-email\"><input size=\"40\" maxlength=\"400\" class=\"wpcf7-form-control wpcf7-email wpcf7-validates-as-required wpcf7-text wpcf7-validates-as-email\" aria-required=\"true\" aria-invalid=\"false\" placeholder=\"E-posta Adresi\" value=\"\" type=\"email\" name=\"your-email\" \/><\/span><span class=\"wpcf7-form-control-wrap\" data-name=\"your-inquiry\"><input size=\"40\" maxlength=\"400\" class=\"wpcf7-form-control wpcf7-text wpcf7-validates-as-required\" id=\"FullName\" aria-required=\"true\" aria-invalid=\"false\" placeholder=\"\u0130lgi Alan\u0131n\u0131z\" value=\"\" type=\"text\" name=\"your-inquiry\" \/><\/span><span class=\"wpcf7-form-control-wrap\" data-name=\"your-message\"><textarea cols=\"40\" rows=\"10\" maxlength=\"2000\" class=\"wpcf7-form-control wpcf7-textarea\" aria-invalid=\"false\" placeholder=\"Mesaj\u0131n\u0131z...\" name=\"your-message\"><\/textarea><\/span>\n<\/p>\n<div class=\"form-btn-area\">\n\t<p><input class=\"wpcf7-form-control wpcf7-submit has-spinner\" type=\"submit\" value=\"G\u00f6nder\" \/><svg width=\"18\" height=\"12\" viewBox=\"0 0 18 12\" fill=\"none\" xmlns=\"http:\/\/www.w3.org\/2000\/svg\">\n  <path fill-rule=\"evenodd\" clip-rule=\"evenodd\" d=\"M0 6C0 5.66249 0.273604 5.38889 0.611111 5.38889L15.0246 5.38889L11.179 1.54323C10.9403 1.30458 10.9403 0.917645 11.179 0.678991C11.4176 0.440337 11.8046 0.440337 12.0432 0.678991L16.9321 5.56788C17.1708 5.80653 17.1708 6.19347 16.9321 6.43212L12.0432 11.321C11.8046 11.5597 11.4176 11.5597 11.179 11.321C10.9403 11.0824 10.9403 10.6954 11.179 10.4568L15.0246 6.61111L0.611111 6.61111C0.273604 6.61111 0 6.33751 0 6Z\" fill=\"white\"\/><\/svg>\n\t<\/p>\n<\/div><div class=\"wpcf7-response-output\" aria-hidden=\"true\"><\/div>\n<\/form>\n<\/div>\n<\/div>\t\t\t\t<\/div>\n\t\t\t\t<\/div>\n\t\t\t\t\t<\/div>\n\t\t\t\t<\/div>\n\t\t\t\t\t<\/div>\n\t\t\t\t<\/div>\n\t\t\t\t<\/div>\n\t\t\t\t<\/div>\n\t\t","protected":false},"excerpt":{"rendered":"<p>01 Analysing the customer&#8217;s goals and needs Our approach to project management is based on practical experience and prioritises open communication. 02 Engineering project work and solution design Together, we determine the overall scope of the industrial data automation project and the components required to produce it. 03 Solution implementation phase and installation We work&#8230;<\/p>\n","protected":false},"author":1,"featured_media":0,"parent":0,"menu_order":0,"comment_status":"closed","ping_status":"closed","template":"elementor_header_footer","meta":{"footnotes":""},"class_list":["post-31743","page","type-page","status-publish","hentry"],"_links":{"self":[{"href":"https:\/\/www.veyselkutuklu.com\/en\/wp-json\/wp\/v2\/pages\/31743","targetHints":{"allow":["GET"]}}],"collection":[{"href":"https:\/\/www.veyselkutuklu.com\/en\/wp-json\/wp\/v2\/pages"}],"about":[{"href":"https:\/\/www.veyselkutuklu.com\/en\/wp-json\/wp\/v2\/types\/page"}],"author":[{"embeddable":true,"href":"https:\/\/www.veyselkutuklu.com\/en\/wp-json\/wp\/v2\/users\/1"}],"replies":[{"embeddable":true,"href":"https:\/\/www.veyselkutuklu.com\/en\/wp-json\/wp\/v2\/comments?post=31743"}],"version-history":[{"count":7,"href":"https:\/\/www.veyselkutuklu.com\/en\/wp-json\/wp\/v2\/pages\/31743\/revisions"}],"predecessor-version":[{"id":32818,"href":"https:\/\/www.veyselkutuklu.com\/en\/wp-json\/wp\/v2\/pages\/31743\/revisions\/32818"}],"wp:attachment":[{"href":"https:\/\/www.veyselkutuklu.com\/en\/wp-json\/wp\/v2\/media?parent=31743"}],"curies":[{"name":"wp","href":"https:\/\/api.w.org\/{rel}","templated":true}]}}